{"id":16,"date":"2024-06-27T16:15:12","date_gmt":"2024-06-27T14:15:12","guid":{"rendered":"https:\/\/ip69.fr\/?page_id=16"},"modified":"2024-10-15T16:52:23","modified_gmt":"2024-10-15T14:52:23","slug":"a-propos","status":"publish","type":"page","link":"https:\/\/ip69.fr\/","title":{"rendered":"Bonjour cher visiteur !"},"content":{"rendered":"\n<p class=\"has-text-align-center has-primary-color has-cool-to-warm-spectrum-gradient-background has-text-color has-background has-link-color has-normal-font-size wp-elements-05bcc61c0e4cb55b75568a8714b3e581\" style=\"letter-spacing:10px\"><strong><strong><em>A<\/em>propos de moi !<\/strong><\/strong><\/p>\n\n\n\n<p class=\"has-drop-cap\"><strong>S<\/strong><\/p>\n\n\n\n<p>ur chrisms.fr vous trouverez la galerie des photos et vid\u00e9os de mes diff\u00e9rents&nbsp;chantiers et travaux. Toutes mes&nbsp;connaissances on \u00e9t\u00e9 apprises par la lecture de revues sp\u00e9cialis\u00e9es, tutoriels et beaucoup de pratiques. Vous trouverez diff\u00e9rents menus avec des boutons cliquables suivant les travaux que j\u2019ai effectu\u00e9s&nbsp;ces derni\u00e8res ann\u00e9es.<\/p>\n\n\n\n<p class=\"has-text-align-center has-primary-color has-cool-to-warm-spectrum-gradient-background has-text-color has-background has-link-color has-normal-font-size wp-elements-d8e52cd11692256a71ae0ec91af3101e\" style=\"letter-spacing:10px\"><strong><em>M<\/em>on parcours professionnel<\/strong><\/p>\n\n\n\n<p class=\"has-drop-cap has-text-align-left has-primary-color has-text-color has-link-color wp-elements-651923f8736555264aba8678b33f397d\" style=\"font-size:21px\">M<\/p>\n\n\n\n<p class=\"has-text-align-left has-primary-color has-text-color has-link-color wp-elements-520d308fa436d8acde7f54591a7c894b\" style=\"font-size:21px\">es zones de connaissances sont divers et varier. Au cour de mes ann\u00e9es de travails et de mes formations, j&rsquo;ai eu l&rsquo;occasion \u00eatre :<\/p>\n\n\n\n<ul style=\"font-size:21px\" class=\"wp-block-list\">\n<li>1 &#8211; <strong><em>A<\/em><\/strong>dministrateur et s\u00e9curit\u00e9 en informatique, formateur en r\u00e9seaux informatiques pendant plus de 25 ans.<\/li>\n\n\n\n<li>2 <strong>&#8211; <em>T<\/em><\/strong>ravail dans le milieu de la conception d&rsquo;ordinateur pour particulier et entreprise.<\/li>\n\n\n\n<li>3 &#8211; <strong><em>C<\/em><\/strong>ommercial en achats et ventes.<\/li>\n\n\n\n<li>4 &#8211; <strong><em>A<\/em><\/strong>ssistant avions.<\/li>\n<\/ul>\n\n\n\n<p class=\"has-text-align-center has-cool-to-warm-spectrum-gradient-background has-background has-normal-font-size\" style=\"letter-spacing:8.5px\"><strong><em>B<\/em>esoins de moi ou de mes conseils!<\/strong><\/p>\n\n\n\n<p class=\"has-drop-cap\">N<\/p>\n\n\n\n<p>ombreuses connaissances son \u00e0 mon actif, je pourrais vous apporter mes connaissances et mon savoir faires son dans nombreux domaines dont :<\/p>\n\n\n\n<ul class=\"wp-block-list\">\n<li>1 &#8211; <strong><em>L<\/em><\/strong>&lsquo;\u00e9lectricit\u00e9: Changement prises, ampoules, raccordement tableau \u00e9lectrique, diagnostique\u2026<\/li>\n\n\n\n<li>2 &#8211; <strong><em>P<\/em><\/strong>lomberie: Changement robinets, mitigeurs, raccordement P.E.R.\/Multicouches, cuivre, d\u00e9bouchages\u2026<\/li>\n\n\n\n<li>3 &#8211; <strong><em>B<\/em><\/strong>ois: Cr\u00e9ation, restauration, montage de meubles\u2026<\/li>\n\n\n\n<li>4 &#8211; <strong><em>C<\/em><\/strong>arrelage, peinture mural, enduit, cloisonnement\u2026<\/li>\n<\/ul>\n\n\n\n<p class=\"has-text-align-center has-cool-to-warm-spectrum-gradient-background has-background has-normal-font-size\" style=\"letter-spacing:10px\"><strong><em>J<\/em>e peut vous \u00eatre utile! <\/strong><\/p>\n\n\n\n<p class=\"has-drop-cap has-text-align-left\">L<\/p>\n\n\n\n<p class=\"has-text-align-left\">e meilleur produit au meilleur prix.<\/p>\n\n\n\n<p class=\"has-text-align-center\"><strong>Je recherche pour vous !<\/strong><\/p>\n\n\n\n<ul class=\"wp-block-list\">\n<li>1 &#8211; <strong><em>L<\/em><\/strong>es petits travaux du quotidien.<\/li>\n\n\n\n<li>2 &#8211; <strong><em>V<\/em><\/strong>ous souhaitez am\u00e9liorer votre habitat.<\/li>\n\n\n\n<li>3 &#8211; <em><strong>V<\/strong><\/em>otre jardin ou votre environnement de loisir.<\/li>\n<\/ul>\n\n\n\n<p class=\"has-text-align-center has-cool-to-warm-spectrum-gradient-background has-background has-normal-font-size\" style=\"letter-spacing:10px\"><strong><em>P<\/em>hotos et vid\u00e9os! <\/strong><\/p>\n\n\n\n<p class=\"has-drop-cap\" style=\"font-style:normal;font-weight:500\">S<\/p>\n\n\n\n<p style=\"font-style:normal;font-weight:500\">ur <a href=\"http:\/\/chrisms.fr\" data-type=\"link\" data-id=\"chrisms.fr\">chrisms.fr<\/a> vous trouverez de nombreuses photos ou vid\u00e9os des travaux que j&rsquo;ai d\u00e9j\u00e0 effectu\u00e9 en cliquant <a href=\"http:\/\/Ip69.fr\/index.php\/Galerie-Travaux\/\" data-type=\"page\" data-id=\"24\">ici<\/a>.<\/p>\n\n\n\n<p><em><strong>C<\/strong><\/em>hris multi-services, est une entreprise de taille humaine qui recherche le meilleur pour vous. La qualit\u00e9, les services et les prix toujours au plus juste. <\/p>\n\n\n\n<p class=\"has-text-align-center has-cool-to-warm-spectrum-gradient-background has-background has-normal-font-size\" style=\"letter-spacing:10px\"><strong><em>R<\/em>enseignements! <\/strong><\/p>\n\n\n\n<p class=\"has-text-align-center\"><strong>Pour tout renseignement n\u2019h\u00e9sitez pas !<\/strong><\/p>\n\n\n\n<p class=\"has-text-align-center\"><strong>cliquer ci-dessous<\/strong>&nbsp;!<\/p>\n\n\n\n<p class=\"has-text-align-center\"><a href=\"mailto:commercial@chrisms.fr\"><strong>Contactez-moi<\/strong><\/a>!<\/p>\n\n\n\n<p class=\"has-text-align-center\"><strong>Je vous r\u00e9pondrai dans les meilleurs d\u00e9lais.<\/strong><\/p>\n\n\n\n<p class=\"has-text-align-center\"><strong>\u00a9 2024&nbsp;<em>www.chrisms.fr \u2013 Entreprise Multi-Services<\/em>&nbsp;\u2013<\/strong><\/p>\n","protected":false},"excerpt":{"rendered":"<p>Apropos de moi ! S ur chrisms.fr vous trouverez la galerie des photos et vid\u00e9os de mes diff\u00e9rents&nbsp;chantiers et travaux. Toutes mes&nbsp;connaissances on \u00e9t\u00e9 apprises par la lecture de revues sp\u00e9cialis\u00e9es, tutoriels et beaucoup de pratiques. Vous trouverez diff\u00e9rents menus avec des boutons cliquables suivant les travaux que j\u2019ai effectu\u00e9s&nbsp;ces derni\u00e8res ann\u00e9es. Mon parcours professionnel [&hellip;]<\/p>\n","protected":false},"author":1,"featured_media":0,"parent":0,"menu_order":0,"comment_status":"closed","ping_status":"closed","template":"","meta":{"footnotes":""},"class_list":["post-16","page","type-page","status-publish","hentry"],"_links":{"self":[{"href":"https:\/\/ip69.fr\/index.php\/wp-json\/wp\/v2\/pages\/16","targetHints":{"allow":["GET"]}}],"collection":[{"href":"https:\/\/ip69.fr\/index.php\/wp-json\/wp\/v2\/pages"}],"about":[{"href":"https:\/\/ip69.fr\/index.php\/wp-json\/wp\/v2\/types\/page"}],"author":[{"embeddable":true,"href":"https:\/\/ip69.fr\/index.php\/wp-json\/wp\/v2\/users\/1"}],"replies":[{"embeddable":true,"href":"https:\/\/ip69.fr\/index.php\/wp-json\/wp\/v2\/comments?post=16"}],"version-history":[{"count":16,"href":"https:\/\/ip69.fr\/index.php\/wp-json\/wp\/v2\/pages\/16\/revisions"}],"predecessor-version":[{"id":500,"href":"https:\/\/ip69.fr\/index.php\/wp-json\/wp\/v2\/pages\/16\/revisions\/500"}],"wp:attachment":[{"href":"https:\/\/ip69.fr\/index.php\/wp-json\/wp\/v2\/media?parent=16"}],"curies":[{"name":"wp","href":"https:\/\/api.w.org\/{rel}","templated":true}]}}